{"id":88,"date":"2012-01-06T16:14:22","date_gmt":"2012-01-06T16:14:22","guid":{"rendered":"http:\/\/www.gardinen24.info\/?page_id=88"},"modified":"2020-09-26T10:19:22","modified_gmt":"2020-09-26T10:19:22","slug":"flachenvorhange","status":"publish","type":"page","link":"https:\/\/www.gardinen24.info\/?page_id=88","title":{"rendered":"Fl\u00e4chenvorh\u00e4nge"},"content":{"rendered":"<p>Hochwertige und g\u00fcnstige Fl\u00e4chenvorh\u00e4nge<br \/>\n<img decoding=\"async\" loading=\"lazy\" class=\"size-full wp-image-151 alignleft\" title=\"tomtailor-mii\" src=\"http:\/\/www.gardinen24.info\/wp-content\/uploads\/2012\/01\/tomtailor-mii1.png\" alt=\"\" width=\"396\" height=\"340\" srcset=\"https:\/\/www.gardinen24.info\/wp-content\/uploads\/2012\/01\/tomtailor-mii1.png 396w, https:\/\/www.gardinen24.info\/wp-content\/uploads\/2012\/01\/tomtailor-mii1-300x257.png 300w\" sizes=\"(max-width: 396px) 100vw, 396px\" \/><\/p>\n<p>Verleihen Sie Ihren R\u00e4umen eine individuelle Wohnungsatmosph\u00e4re &#8211; und das mit unseren eleganten und modernen Schiebevorh\u00e4ngen \/ Fl\u00e4chenvorh\u00e4ngen als komplett konfektioniertes Gardinen-Set.<\/p>\n<p>Zur Befestigung unserer Gardienenschienen, wird ein Paneelwagen ben\u00f6tigt. Dieser Paneelwagen kann bequem in unsere Gardinenschienen aber auch in viele andere Vorhangschienen eingesetzt werden. Bestellen Sie jetzt Ihren Paneelwagen in unserem <a href=\"https:\/\/www.gardinen-shop.org\/\" target=\"_blank\" rel=\"noopener\">Gardinen Shop<\/a>.<\/p>\n","protected":false},"excerpt":{"rendered":"<p>Hochwertige und g\u00fcnstige Fl\u00e4chenvorh\u00e4nge Verleihen Sie Ihren R\u00e4umen eine individuelle Wohnungsatmosph\u00e4re &#8211; und das mit unseren eleganten und modernen Schiebevorh\u00e4ngen \/ Fl\u00e4chenvorh\u00e4ngen als komplett konfektioniertes Gardinen-Set. Zur Befestigung unserer Gardienenschienen, wird ein Paneelwagen ben\u00f6tigt. Dieser Paneelwagen kann bequem in unsere &hellip; <a href=\"https:\/\/www.gardinen24.info\/?page_id=88\">Weiterlesen <span class=\"meta-nav\">&rarr;<\/span><\/a><\/p>\n","protected":false},"author":1,"featured_media":0,"parent":0,"menu_order":0,"comment_status":"closed","ping_status":"closed","template":"","meta":[],"_links":{"self":[{"href":"https:\/\/www.gardinen24.info\/index.php?rest_route=\/wp\/v2\/pages\/88"}],"collection":[{"href":"https:\/\/www.gardinen24.info\/index.php?rest_route=\/wp\/v2\/pages"}],"about":[{"href":"https:\/\/www.gardinen24.info\/index.php?rest_route=\/wp\/v2\/types\/page"}],"author":[{"embeddable":true,"href":"https:\/\/www.gardinen24.info\/index.php?rest_route=\/wp\/v2\/users\/1"}],"replies":[{"embeddable":true,"href":"https:\/\/www.gardinen24.info\/index.php?rest_route=%2Fwp%2Fv2%2Fcomments&post=88"}],"version-history":[{"count":16,"href":"https:\/\/www.gardinen24.info\/index.php?rest_route=\/wp\/v2\/pages\/88\/revisions"}],"predecessor-version":[{"id":313,"href":"https:\/\/www.gardinen24.info\/index.php?rest_route=\/wp\/v2\/pages\/88\/revisions\/313"}],"wp:attachment":[{"href":"https:\/\/www.gardinen24.info\/index.php?rest_route=%2Fwp%2Fv2%2Fmedia&parent=88"}],"curies":[{"name":"wp","href":"https:\/\/api.w.org\/{rel}","templated":true}]}}