{"id":69,"date":"2012-01-06T16:09:36","date_gmt":"2012-01-06T16:09:36","guid":{"rendered":"http:\/\/www.gardinen24.info\/?page_id=69"},"modified":"2020-09-26T10:49:06","modified_gmt":"2020-09-26T10:49:06","slug":"online-shop","status":"publish","type":"page","link":"https:\/\/www.gardinen24.info\/?page_id=69","title":{"rendered":"Online Shop"},"content":{"rendered":"<p>Besuchen Sie jetzt unseren <a href=\"http:\/\/www.gardinen-shop.org\/shop\" target=\"_blank\" rel=\"noopener\">Gardinen Online Shop<\/a>.<\/p>\n<p><span style=\"text-decoration: underline;\">Oder w\u00e4hlen Sie das Produkt;<\/span><br \/>\n<a href=\"https:\/\/www.gardinen-shop.org\/\" target=\"_blank\" rel=\"noopener\">Gardinen Meterware<\/a><br \/>\n<a href=\"https:\/\/www.gardinen-shop.org\/\" target=\"_blank\" rel=\"noopener\">Dekostoffe<\/a><br \/>\n<a href=\"https:\/\/www.gardinen-shop.org\/\" target=\"_blank\" rel=\"noopener\">Vorh\u00e4nge<\/a><br \/>\n<a href=\"https:\/\/www.gardinen-shop.org\/\" target=\"_blank\" rel=\"noopener\">Fl\u00e4chenvorh\u00e4nge<\/a><br \/>\n<a href=\"https:\/\/www.gardinen-shop.org\/\" target=\"_blank\" rel=\"noopener\">Schlaufenschals<\/a><br \/>\n<a href=\"https:\/\/www.gardinen-shop.org\/\" target=\"_blank\" rel=\"noopener\">\u00d6senschals<\/a><br \/>\n<a href=\"https:\/\/www.gardinen-shop.org\/\" target=\"_blank\" rel=\"noopener\">Raffrollos<\/a><br \/>\n<a href=\"https:\/\/www.gardinen-shop.org\/\" target=\"_blank\" rel=\"noopener\">Doppelrollo Easyfix<\/a><br \/>\n<a href=\"https:\/\/www.gardinen-shop.org\/\" target=\"_blank\" rel=\"noopener\">Rollo Easyfix Natur<\/a><br \/>\n<a href=\"https:\/\/www.gardinen-shop.org\/\" target=\"_blank\" rel=\"noopener\">Rollo Easyfix Royal mit Pendelsicherung<\/a><br \/>\n<a href=\"https:\/\/www.gardinen-shop.org\/\" target=\"_blank\" rel=\"noopener\">Rollo Easyfix Thermo<\/a><br \/>\n<a href=\"https:\/\/www.gardinen-shop.org\/\" target=\"_blank\" rel=\"noopener\">Royal Easyfix Uni<\/a><br \/>\n<a href=\"https:\/\/www.gardinen-shop.org\/\" target=\"_blank\" rel=\"noopener\">Klemmfix &#8211; Rollo<\/a><br \/>\n<a href=\"https:\/\/www.gardinen-shop.org\/\" target=\"_blank\" rel=\"noopener\">Plissee<\/a><br \/>\n<a href=\"https:\/\/www.gardinen-shop.org\/\" target=\"_blank\" rel=\"noopener\">Klemmfix &#8211; Plissee<\/a><br \/>\n<a href=\"https:\/\/www.gardinen-shop.org\/\" target=\"_blank\" rel=\"noopener\">Scheibengardinen<\/a><br \/>\n<a href=\"https:\/\/www.gardinen-shop.org\/\" target=\"_blank\" rel=\"noopener\">Scheibenstange<\/a><br \/>\n<a href=\"https:\/\/www.gardinen-shop.org\/\" target=\"_blank\" rel=\"noopener\">Stilgarnitur<\/a><br \/>\n<a href=\"https:\/\/www.gardinen-shop.org\/\" target=\"_blank\" rel=\"noopener\">Kissen<\/a><br \/>\n<a href=\"https:\/\/www.gardinen-shop.org\/\" target=\"_blank\" rel=\"noopener\">Hochwertige Gardinen<\/a><br \/>\n<a href=\"https:\/\/www.gardinen-shop.org\/\" target=\"_blank\" rel=\"noopener\">Bettw\u00e4sche<\/a><br \/>\n<a href=\"https:\/\/www.gardinen-shop.org\/\" target=\"_blank\" rel=\"noopener\">Frottier<\/a><br \/>\n<a href=\"https:\/\/www.gardinen-shop.org\/\" target=\"_blank\" rel=\"noopener\">Bademantel <\/a><\/p>\n","protected":false},"excerpt":{"rendered":"<p>Besuchen Sie jetzt unseren Gardinen Online Shop. Oder w\u00e4hlen Sie das Produkt; Gardinen Meterware Dekostoffe Vorh\u00e4nge Fl\u00e4chenvorh\u00e4nge Schlaufenschals \u00d6senschals Raffrollos Doppelrollo Easyfix Rollo Easyfix Natur Rollo Easyfix Royal mit Pendelsicherung Rollo Easyfix Thermo Royal Easyfix Uni Klemmfix &#8211; Rollo Plissee &hellip; <a href=\"https:\/\/www.gardinen24.info\/?page_id=69\">Weiterlesen <span class=\"meta-nav\">&rarr;<\/span><\/a><\/p>\n","protected":false},"author":1,"featured_media":0,"parent":0,"menu_order":1,"comment_status":"closed","ping_status":"closed","template":"","meta":[],"_links":{"self":[{"href":"https:\/\/www.gardinen24.info\/index.php?rest_route=\/wp\/v2\/pages\/69"}],"collection":[{"href":"https:\/\/www.gardinen24.info\/index.php?rest_route=\/wp\/v2\/pages"}],"about":[{"href":"https:\/\/www.gardinen24.info\/index.php?rest_route=\/wp\/v2\/types\/page"}],"author":[{"embeddable":true,"href":"https:\/\/www.gardinen24.info\/index.php?rest_route=\/wp\/v2\/users\/1"}],"replies":[{"embeddable":true,"href":"https:\/\/www.gardinen24.info\/index.php?rest_route=%2Fwp%2Fv2%2Fcomments&post=69"}],"version-history":[{"count":5,"href":"https:\/\/www.gardinen24.info\/index.php?rest_route=\/wp\/v2\/pages\/69\/revisions"}],"predecessor-version":[{"id":342,"href":"https:\/\/www.gardinen24.info\/index.php?rest_route=\/wp\/v2\/pages\/69\/revisions\/342"}],"wp:attachment":[{"href":"https:\/\/www.gardinen24.info\/index.php?rest_route=%2Fwp%2Fv2%2Fmedia&parent=69"}],"curies":[{"name":"wp","href":"https:\/\/api.w.org\/{rel}","templated":true}]}}