{"id":67,"date":"2012-01-06T16:09:22","date_gmt":"2012-01-06T16:09:22","guid":{"rendered":"http:\/\/www.gardinen24.info\/?page_id=67"},"modified":"2016-04-24T18:28:36","modified_gmt":"2016-04-24T18:28:36","slug":"impressum","status":"publish","type":"page","link":"https:\/\/www.gardinen24.info\/?page_id=67","title":{"rendered":"Impressum"},"content":{"rendered":"<h1>Impressum<\/h1>\n<div>BN Gardinen<br \/>\nHarkortstra\u00dfe 97<br \/>\n44225 Dortmund-Hombruch&nbsp;<\/p>\n<p>Telefon:\u00a00231 530 20 486<br \/>\nTelefax: 0231 530 20 488<\/p>\n<p>Email: <a href=\"mailto:info@bngardinen.de\">info@bngardinen.de<\/a><\/p>\n<p>Inhaber:<br \/>\nBahri Namlikaya<\/p>\n<p>Bankverbindung<br \/>\nPostbank<br \/>\nKonto: 58722465<br \/>\nBLZ: 44010046<\/p>\n<p>\u00d6ffnungszeiten<br \/>\nMontag: geschlossen<br \/>\nDienstag bis Freitag von 10:00 Uhr bis 13:00 Uhr &#038; 15:00 bis 18:00 Uhr<br \/>\nSamstag von 10:00 Uhr bis 13:00 Uhr<\/p>\n<p><strong>Externe Links<br \/>\n<\/strong>F\u00fcr den Inhalt externer Links kann keine Gew\u00e4hr  \u00fcbernommen werden.<br \/>\nWir distanzieren uns ausdr\u00fccklich von deren Inhalten und  Aufbereitung und betonen,<br \/>\nkeinerlei Einfluss auf Gestaltung und Inhalt dieser  Links sowie s\u00e4mtliche<br \/>\nweiterf\u00fchrende Angebote zu haben.<\/p>\n<p><strong>Copyright<br \/>\n<\/strong>Der Inhalt dieser Website ist urheberrechtlich  gesch\u00fctzt. Wir gestatten die<br \/>\n\u00dcbernahme von Texten und Bildmaterialien ausdr\u00fccklich  nicht. Jede Kopie<br \/>\nund jede Art der Weiterverwendung f\u00e4llt ausdr\u00fccklich  unter das Copyright<br \/>\nund bedarf der Genehmigung seitens der BN GARDINEN.<\/p>\n<\/div>\n","protected":false},"excerpt":{"rendered":"<p>Impressum BN Gardinen Harkortstra\u00dfe 97 44225 Dortmund-Hombruch&nbsp; Telefon:\u00a00231 530 20 486 Telefax: 0231 530 20 488 Email: info@bngardinen.de Inhaber: Bahri Namlikaya Bankverbindung Postbank Konto: 58722465 BLZ: 44010046 \u00d6ffnungszeiten Montag: geschlossen Dienstag bis Freitag von 10:00 Uhr bis 13:00 Uhr &#038; &hellip; <a href=\"https:\/\/www.gardinen24.info\/?page_id=67\">Weiterlesen <span class=\"meta-nav\">&rarr;<\/span><\/a><\/p>\n","protected":false},"author":1,"featured_media":0,"parent":0,"menu_order":5,"comment_status":"closed","ping_status":"closed","template":"","meta":[],"_links":{"self":[{"href":"https:\/\/www.gardinen24.info\/index.php?rest_route=\/wp\/v2\/pages\/67"}],"collection":[{"href":"https:\/\/www.gardinen24.info\/index.php?rest_route=\/wp\/v2\/pages"}],"about":[{"href":"https:\/\/www.gardinen24.info\/index.php?rest_route=\/wp\/v2\/types\/page"}],"author":[{"embeddable":true,"href":"https:\/\/www.gardinen24.info\/index.php?rest_route=\/wp\/v2\/users\/1"}],"replies":[{"embeddable":true,"href":"https:\/\/www.gardinen24.info\/index.php?rest_route=%2Fwp%2Fv2%2Fcomments&post=67"}],"version-history":[{"count":5,"href":"https:\/\/www.gardinen24.info\/index.php?rest_route=\/wp\/v2\/pages\/67\/revisions"}],"predecessor-version":[{"id":136,"href":"https:\/\/www.gardinen24.info\/index.php?rest_route=\/wp\/v2\/pages\/67\/revisions\/136"}],"wp:attachment":[{"href":"https:\/\/www.gardinen24.info\/index.php?rest_route=%2Fwp%2Fv2%2Fmedia&parent=67"}],"curies":[{"name":"wp","href":"https:\/\/api.w.org\/{rel}","templated":true}]}}