{"id":65,"date":"2012-01-06T16:09:12","date_gmt":"2012-01-06T16:09:12","guid":{"rendered":"http:\/\/www.gardinen24.info\/?page_id=65"},"modified":"2012-01-06T16:28:02","modified_gmt":"2012-01-06T16:28:02","slug":"kontakt","status":"publish","type":"page","link":"https:\/\/www.gardinen24.info\/?page_id=65","title":{"rendered":"Kontakt"},"content":{"rendered":"<h1>Kontaktformular<\/h1>\n<p>Gerne k\u00f6nnen Sie uns \u00fcber dieses Formular kontaktieren.<br \/>\nBitte f\u00fcllen Sie das Formular vollst\u00e4ndig aus.<\/p>\n<p>BN Gardinen<br \/>\nHarkortstra\u00dfe 97<br \/>\n44225 Dortmund-Hombruch<\/p>\n<p>Telefon: 0231 530 20 486<br \/>\nTelefax: 0231 530 20 488<\/p>\n<p>Email: info@bngardinen.de<\/p>\n<div class=\"wpcf7\" id=\"wpcf7-f132-p65-o1\">\n<form action=\"\/index.php?rest_route=%2Fwp%2Fv2%2Fpages%2F65#wpcf7-f132-p65-o1\" method=\"post\" class=\"wpcf7-form\">\n<div style=\"display: none;\">\n<input type=\"hidden\" name=\"_wpcf7\" value=\"132\" \/><br \/>\n<input type=\"hidden\" name=\"_wpcf7_version\" value=\"3.0.2.1\" \/><br \/>\n<input type=\"hidden\" name=\"_wpcf7_unit_tag\" value=\"wpcf7-f132-p65-o1\" \/>\n<\/div>\n<p>Ihr Name (Pflichtfeld)<br \/>\n    <span class=\"wpcf7-form-control-wrap your-name\"><input type=\"text\" name=\"your-name\" value=\"\" class=\"wpcf7-text wpcf7-validates-as-required\" size=\"40\" \/><\/span> <\/p>\n<p>Ihre E-Mail-Adresse (Pflichtfeld)<br \/>\n    <span class=\"wpcf7-form-control-wrap your-email\"><input type=\"text\" name=\"your-email\" value=\"\" class=\"wpcf7-text wpcf7-validates-as-email wpcf7-validates-as-required\" size=\"40\" \/><\/span> <\/p>\n<p>Betreff<br \/>\n    <span class=\"wpcf7-form-control-wrap your-subject\"><input type=\"text\" name=\"your-subject\" value=\"\" class=\"wpcf7-text\" size=\"40\" \/><\/span> <\/p>\n<p>Ihre Nachricht<br \/>\n    <span class=\"wpcf7-form-control-wrap your-message\"><textarea name=\"your-message\" cols=\"40\" rows=\"10\"><\/textarea><\/span> <\/p>\n<p><input type=\"submit\" value=\"Senden\" class=\"wpcf7-submit\" \/><\/p>\n<p style=\"display: none !important;\" class=\"akismet-fields-container\" data-prefix=\"_wpcf7_ak_\"><label>&#916;<textarea name=\"_wpcf7_ak_hp_textarea\" cols=\"45\" rows=\"8\" maxlength=\"100\"><\/textarea><\/label><input type=\"hidden\" id=\"ak_js_1\" name=\"_wpcf7_ak_js\" value=\"172\"\/><script>document.getElementById( \"ak_js_1\" ).setAttribute( \"value\", ( new Date() ).getTime() );<\/script><\/p>\n<div class=\"wpcf7-response-output wpcf7-display-none\"><\/div>\n<\/form>\n<\/div>\n","protected":false},"excerpt":{"rendered":"<p>Kontaktformular Gerne k\u00f6nnen Sie uns \u00fcber dieses Formular kontaktieren. Bitte f\u00fcllen Sie das Formular vollst\u00e4ndig aus. BN Gardinen Harkortstra\u00dfe 97 44225 Dortmund-Hombruch Telefon: 0231 530 20 486 Telefax: 0231 530 20 488 Email: info@bngardinen.de<\/p>\n","protected":false},"author":1,"featured_media":0,"parent":0,"menu_order":4,"comment_status":"closed","ping_status":"closed","template":"","meta":[],"_links":{"self":[{"href":"https:\/\/www.gardinen24.info\/index.php?rest_route=\/wp\/v2\/pages\/65"}],"collection":[{"href":"https:\/\/www.gardinen24.info\/index.php?rest_route=\/wp\/v2\/pages"}],"about":[{"href":"https:\/\/www.gardinen24.info\/index.php?rest_route=\/wp\/v2\/types\/page"}],"author":[{"embeddable":true,"href":"https:\/\/www.gardinen24.info\/index.php?rest_route=\/wp\/v2\/users\/1"}],"replies":[{"embeddable":true,"href":"https:\/\/www.gardinen24.info\/index.php?rest_route=%2Fwp%2Fv2%2Fcomments&post=65"}],"version-history":[{"count":7,"href":"https:\/\/www.gardinen24.info\/index.php?rest_route=\/wp\/v2\/pages\/65\/revisions"}],"predecessor-version":[{"id":135,"href":"https:\/\/www.gardinen24.info\/index.php?rest_route=\/wp\/v2\/pages\/65\/revisions\/135"}],"wp:attachment":[{"href":"https:\/\/www.gardinen24.info\/index.php?rest_route=%2Fwp%2Fv2%2Fmedia&parent=65"}],"curies":[{"name":"wp","href":"https:\/\/api.w.org\/{rel}","templated":true}]}}