{"id":61,"date":"2012-01-06T16:07:37","date_gmt":"2012-01-06T16:07:37","guid":{"rendered":"http:\/\/www.gardinen24.info\/?page_id=61"},"modified":"2020-09-26T10:51:42","modified_gmt":"2020-09-26T10:51:42","slug":"produkte","status":"publish","type":"page","link":"https:\/\/www.gardinen24.info\/?page_id=61","title":{"rendered":"Produkte"},"content":{"rendered":"<p>\u00dcbersicht unserer Produkt in unserem Online Shop<\/p>\n<p><a href=\"http:\/\/www.gardinen-shop.org\/shop\/gardinen-meterware\" target=\"_blank\" rel=\"noopener\">Gardinen Meterware<\/a><br \/>\n<a href=\"https:\/\/www.gardinen-shop.org\/\" target=\"_blank\" rel=\"noopener\">Dekostoffe<\/a><br \/>\n<a href=\"https:\/\/www.gardinen-shop.org\/\" target=\"_blank\" rel=\"noopener\">Vorh\u00e4nge<\/a><br \/>\n<a href=\"https:\/\/www.gardinen-shop.org\/\" target=\"_blank\" rel=\"noopener\">Fl\u00e4chenvorh\u00e4nge<\/a><br \/>\n<a href=\"https:\/\/www.gardinen-shop.org\/\" target=\"_blank\" rel=\"noopener\">Schlaufenschals<\/a><br \/>\n<a href=\"https:\/\/www.gardinen-shop.org\/\" target=\"_blank\" rel=\"noopener\">\u00d6senschals<\/a><br \/>\n<a href=\"https:\/\/www.gardinen-shop.org\/\" target=\"_blank\" rel=\"noopener\">Raffrollos<\/a><br \/>\n<a href=\"https:\/\/www.gardinen-shop.org\/\" target=\"_blank\" rel=\"noopener\">Doppelrollo Easyfix<\/a><br \/>\n<a href=\"https:\/\/www.gardinen-shop.org\/\" target=\"_blank\" rel=\"noopener\">Rollo Easyfix Natur<\/a><br \/>\n<a href=\"https:\/\/www.gardinen-shop.org\/\" target=\"_blank\" rel=\"noopener\">Rollo Easyfix Royal mit Pendelsicherung<\/a><br \/>\n<a href=\"https:\/\/www.gardinen-shop.org\/\" target=\"_blank\" rel=\"noopener\">Rollo Easyfix Thermo<\/a><br \/>\n<a href=\"https:\/\/www.gardinen-shop.org\/\" target=\"_blank\" rel=\"noopener\">Rollo Easyfix Uni<\/a><br \/>\n<a href=\"https:\/\/www.gardinen-shop.org\/\" target=\"_blank\" rel=\"noopener\">Klemmfix &#8211; Rollo<\/a><br \/>\n<a href=\"https:\/\/www.gardinen-shop.org\/\" target=\"_blank\" rel=\"noopener\">Plissee<\/a><br \/>\n<a href=\"https:\/\/www.gardinen-shop.org\/\" target=\"_blank\" rel=\"noopener\">Klemmfix &#8211; Plissee<\/a><br \/>\n<a href=\"https:\/\/www.gardinen-shop.org\/\" target=\"_blank\" rel=\"noopener\">Scheibengardinen<\/a><br \/>\n<a href=\"https:\/\/www.gardinen-shop.org\/\" target=\"_blank\" rel=\"noopener\">Scheibenstange<\/a><br \/>\n<a href=\"https:\/\/www.gardinen-shop.org\/\" target=\"_blank\" rel=\"noopener\">Stilgarnitur<\/a><br \/>\n<a href=\"https:\/\/www.gardinen-shop.org\/\" target=\"_blank\" rel=\"noopener\">Kissen<\/a><br \/>\n<a href=\"https:\/\/www.gardinen-shop.org\/\" target=\"_blank\" rel=\"noopener\">Bettw\u00e4sche<\/a><br \/>\n<a href=\"https:\/\/www.gardinen-shop.org\/\" target=\"_blank\" rel=\"noopener\">Frottier<\/a><br \/>\n<a href=\"https:\/\/www.gardinen-shop.org\/\" target=\"_blank\" rel=\"noopener\">Bademantel<\/a><\/p>\n","protected":false},"excerpt":{"rendered":"<p>\u00dcbersicht unserer Produkt in unserem Online Shop Gardinen Meterware Dekostoffe Vorh\u00e4nge Fl\u00e4chenvorh\u00e4nge Schlaufenschals \u00d6senschals Raffrollos Doppelrollo Easyfix Rollo Easyfix Natur Rollo Easyfix Royal mit Pendelsicherung Rollo Easyfix Thermo Rollo Easyfix Uni Klemmfix &#8211; Rollo Plissee Klemmfix &#8211; Plissee Scheibengardinen Scheibenstange &hellip; <a href=\"https:\/\/www.gardinen24.info\/?page_id=61\">Weiterlesen <span class=\"meta-nav\">&rarr;<\/span><\/a><\/p>\n","protected":false},"author":1,"featured_media":0,"parent":0,"menu_order":2,"comment_status":"closed","ping_status":"closed","template":"","meta":[],"_links":{"self":[{"href":"https:\/\/www.gardinen24.info\/index.php?rest_route=\/wp\/v2\/pages\/61"}],"collection":[{"href":"https:\/\/www.gardinen24.info\/index.php?rest_route=\/wp\/v2\/pages"}],"about":[{"href":"https:\/\/www.gardinen24.info\/index.php?rest_route=\/wp\/v2\/types\/page"}],"author":[{"embeddable":true,"href":"https:\/\/www.gardinen24.info\/index.php?rest_route=\/wp\/v2\/users\/1"}],"replies":[{"embeddable":true,"href":"https:\/\/www.gardinen24.info\/index.php?rest_route=%2Fwp%2Fv2%2Fcomments&post=61"}],"version-history":[{"count":6,"href":"https:\/\/www.gardinen24.info\/index.php?rest_route=\/wp\/v2\/pages\/61\/revisions"}],"predecessor-version":[{"id":343,"href":"https:\/\/www.gardinen24.info\/index.php?rest_route=\/wp\/v2\/pages\/61\/revisions\/343"}],"wp:attachment":[{"href":"https:\/\/www.gardinen24.info\/index.php?rest_route=%2Fwp%2Fv2%2Fmedia&parent=61"}],"curies":[{"name":"wp","href":"https:\/\/api.w.org\/{rel}","templated":true}]}}