{"id":108,"date":"2012-01-06T16:16:17","date_gmt":"2012-01-06T16:16:17","guid":{"rendered":"http:\/\/www.gardinen24.info\/?page_id=108"},"modified":"2024-05-12T12:30:07","modified_gmt":"2024-05-12T12:30:07","slug":"bademantel","status":"publish","type":"page","link":"https:\/\/www.gardinen24.info\/?page_id=108","title":{"rendered":"Bademantel"},"content":{"rendered":"<p style=\"text-align: left;\"><a href=\"https:\/\/www.gardinen-shop.org\/\"><img decoding=\"async\" loading=\"lazy\" class=\"size-full wp-image-166\" title=\"Bademantel Tom Tailor\" src=\"http:\/\/www.gardinen24.info\/wp-content\/uploads\/2012\/01\/tom_b.jpg\" alt=\"Bademantel Tom Tailor\" width=\"388\" height=\"550\" srcset=\"https:\/\/www.gardinen24.info\/wp-content\/uploads\/2012\/01\/tom_b.jpg 388w, https:\/\/www.gardinen24.info\/wp-content\/uploads\/2012\/01\/tom_b-211x300.jpg 211w\" sizes=\"(max-width: 388px) 100vw, 388px\" \/><\/a><\/p>\n<p style=\"text-align: left;\">Damit wir Ihnen nur qualitativ hochwertige Produkte anbieten k\u00f6nnen, haben wir uns entschlossen, Bademantel der Marke Tom Tailor in unserem Shop anzubieten.<\/p>\n<p style=\"text-align: left;\">Verschiedene Bademantel f\u00fcr Damen und Herren, in verschiedenen Farben und Gr\u00f6\u00dfen schon ab 49,95\u20ac. <a href=\"https:\/\/www.gardinen-shop.org\/\" target=\"_blank\" rel=\"noopener\">Hier geht es zu unseren Produkten<\/a>.<\/p>\n","protected":false},"excerpt":{"rendered":"<p>Damit wir Ihnen nur qualitativ hochwertige Produkte anbieten k\u00f6nnen, haben wir uns entschlossen, Bademantel der Marke Tom Tailor in unserem Shop anzubieten. Verschiedene Bademantel f\u00fcr Damen und Herren, in verschiedenen Farben und Gr\u00f6\u00dfen schon ab 49,95\u20ac. Hier geht es zu &hellip; <a href=\"https:\/\/www.gardinen24.info\/?page_id=108\">Weiterlesen <span class=\"meta-nav\">&rarr;<\/span><\/a><\/p>\n","protected":false},"author":1,"featured_media":0,"parent":0,"menu_order":20,"comment_status":"closed","ping_status":"closed","template":"","meta":[],"_links":{"self":[{"href":"https:\/\/www.gardinen24.info\/index.php?rest_route=\/wp\/v2\/pages\/108"}],"collection":[{"href":"https:\/\/www.gardinen24.info\/index.php?rest_route=\/wp\/v2\/pages"}],"about":[{"href":"https:\/\/www.gardinen24.info\/index.php?rest_route=\/wp\/v2\/types\/page"}],"author":[{"embeddable":true,"href":"https:\/\/www.gardinen24.info\/index.php?rest_route=\/wp\/v2\/users\/1"}],"replies":[{"embeddable":true,"href":"https:\/\/www.gardinen24.info\/index.php?rest_route=%2Fwp%2Fv2%2Fcomments&post=108"}],"version-history":[{"count":8,"href":"https:\/\/www.gardinen24.info\/index.php?rest_route=\/wp\/v2\/pages\/108\/revisions"}],"predecessor-version":[{"id":346,"href":"https:\/\/www.gardinen24.info\/index.php?rest_route=\/wp\/v2\/pages\/108\/revisions\/346"}],"wp:attachment":[{"href":"https:\/\/www.gardinen24.info\/index.php?rest_route=%2Fwp%2Fv2%2Fmedia&parent=108"}],"curies":[{"name":"wp","href":"https:\/\/api.w.org\/{rel}","templated":true}]}}